{"id":94,"date":"2020-05-15T20:15:38","date_gmt":"2020-05-15T20:15:38","guid":{"rendered":"https:\/\/demosites.io\/yoga-studio-gb\/?page_id=94"},"modified":"2025-08-11T17:02:08","modified_gmt":"2025-08-11T15:02:08","slug":"84647-home","status":"publish","type":"page","link":"https:\/\/orthoclem.fr\/","title":{"rendered":"Clem.ortho"},"content":{"rendered":"\n<div id=\"wp-block-themeisle-blocks-advanced-columns-c66cca8a\" class=\"wp-block-themeisle-blocks-advanced-columns alignfull has-1-columns has-desktop-equal-layout has-tablet-equal-layout has-mobile-equal-layout has-vertical-unset\"><div class=\"wp-block-themeisle-blocks-advanced-columns-overlay\"><\/div><div class=\"innerblocks-wrap\">\n<div id=\"wp-block-themeisle-blocks-advanced-column-38b46dce\" class=\"wp-block-themeisle-blocks-advanced-column\">\n<h1 class=\"wp-block-heading has-text-align-center has-nv-light-bg-color has-text-color\"><strong>Pr\u00e9sentation<\/strong><\/h1>\n\n\n\n<div id=\"wp-block-themeisle-blocks-advanced-columns-a013e2b7\" class=\"wp-block-themeisle-blocks-advanced-columns has-2-columns has-desktop-equal-layout has-tablet-equal-layout has-mobile-equal-layout has-vertical-unset\"><div class=\"wp-block-themeisle-blocks-advanced-columns-overlay\"><\/div><div class=\"innerblocks-wrap\">\n<div id=\"wp-block-themeisle-blocks-advanced-column-340a7482\" class=\"wp-block-themeisle-blocks-advanced-column\">\n<figure class=\"wp-block-gallery aligncenter has-nested-images columns-default is-cropped wp-block-gallery-1 is-layout-flex wp-block-gallery-is-layout-flex\"><div class=\"wp-block-image is-style-default\">\n<figure class=\"alignleft size-full\"><img loading=\"lazy\" decoding=\"async\" width=\"1920\" height=\"2560\" data-id=\"297\" src=\"https:\/\/orthoclem.fr\/wp-content\/uploads\/2024\/05\/IMG_1077-edited-scaled.jpeg\" alt=\"\" class=\"wp-image-297\" srcset=\"https:\/\/orthoclem.fr\/wp-content\/uploads\/2024\/05\/IMG_1077-edited-scaled.jpeg 1920w, https:\/\/orthoclem.fr\/wp-content\/uploads\/2024\/05\/IMG_1077-edited-225x300.jpeg 225w, https:\/\/orthoclem.fr\/wp-content\/uploads\/2024\/05\/IMG_1077-edited-768x1024.jpeg 768w, https:\/\/orthoclem.fr\/wp-content\/uploads\/2024\/05\/IMG_1077-edited-1152x1536.jpeg 1152w, https:\/\/orthoclem.fr\/wp-content\/uploads\/2024\/05\/IMG_1077-edited-1536x2048.jpeg 1536w\" sizes=\"auto, (max-width: 1920px) 100vw, 1920px\" \/><\/figure>\n<\/div><\/figure>\n<\/div>\n\n\n\n<div id=\"wp-block-themeisle-blocks-advanced-column-5aad2831\" class=\"wp-block-themeisle-blocks-advanced-column\">\n<p><\/p>\n\n\n\n<p class=\"has-text-align-center has-nv-site-bg-color has-text-color\">Je m&#8217;appelle Cl\u00e9mence et apr\u00e8s des \u00e9tudes d&#8217;orthophonie puis 4 ans d&#8217;exercice en lib\u00e9ral, j&#8217;ai d\u00e9cid\u00e9 de cr\u00e9er une page Instagram afin de partager ma vie professionnelle, mon quotidien d&#8217;orthophoniste, ma motivation, celle de mes patients et mes astuces sur les r\u00e9seaux sociaux.<\/p>\n\n\n\n<p class=\"has-text-align-center has-nv-site-bg-color has-text-color\">Voil\u00e0 maintenant plus de 5 ans que je partage quotidiennement mes journ\u00e9es sur les r\u00e9seaux.<\/p>\n\n\n\n<p class=\"has-text-align-center has-nv-site-bg-color has-text-color\">Je partage \u00e9galement avec vous mon go\u00fbt pour l&#8217;analyse de bilans et les diagnostics plus complexes.<\/p>\n\n\n\n<p class=\"has-text-align-center has-nv-site-bg-color has-text-color\">Devant l&#8217;engouement de ces partages sur les r\u00e9seaux, j&#8217;ai d\u00e9cid\u00e9 de cr\u00e9er une formation d&#8217;analyse de cas cliniques de bilans en interaction et en petits groupes.<\/p>\n\n\n\n<p class=\"has-text-align-center has-nv-site-bg-color has-text-color has-link-color wp-elements-333fffee9a7602e83d4be0df4d8c3785\">J&#8217;ai ensuite d\u00e9cid\u00e9 de proposer de la supervision, afin de vous proposer des suivis plus individuels et plus personnalis\u00e9s en fonction de votre pratique.<\/p>\n<\/div>\n<\/div><\/div>\n\n\n\n<p><\/p>\n<\/div>\n<\/div><\/div>\n\n\n\n<div id=\"formation\" class=\"wp-block-themeisle-blocks-advanced-columns alignfull has-1-columns has-desktop-oneTwo-layout has-tablet-equal-layout has-mobile-collapsedRows-layout has-vertical-center\"><div class=\"wp-block-themeisle-blocks-advanced-columns-overlay\"><\/div><div class=\"innerblocks-wrap\">\n<div id=\"wp-block-themeisle-blocks-advanced-column-0a334cee\" class=\"wp-block-themeisle-blocks-advanced-column\">\n<h2 class=\"wp-block-heading has-neve-link-color-color has-text-color\">Formation analyse de cas cliniques de bilans<\/h2>\n\n\n\n<h2 class=\"wp-block-heading has-neve-link-color-color has-text-color\">en langage \u00e9crit<\/h2>\n\n\n\n<p>Cette formation de 3 heures 30 a pour but d&#8217;analyser ensemble, les cas de 5 patients bien diff\u00e9rents : du diagnostic de trouble sp\u00e9cifique du langage \u00e9crit &#8220;simple&#8221; au diagnostic plus complexe avec comorbidit\u00e9(s).<\/p>\n\n\n\n<p>La formation aura lieu en visioconf\u00e9rence via Zoom, en petits groupes pour favoriser les \u00e9changes et r\u00e9fl\u00e9chir ensemble sur les cas propos\u00e9s.<\/p>\n\n\n\n<p>Bilan utilis\u00e9 dans les cas cliniques : EVALEO. <br>Il n&#8217;est pas n\u00e9cessaire de disposer de l&#8217;outil dont le fonctionnement sera expliqu\u00e9 bri\u00e8vement au d\u00e9but de la formation.<\/p>\n\n\n\n<p class=\"has-neve-link-color-color has-text-color\"><strong>Prochaines sessions :<\/strong><\/p>\n\n\n\n<ul class=\"wp-block-list\">\n<li>vendredi 3 octobre 2025 de 9h \u00e0 12h30<\/li>\n\n\n\n<li>lundi 24 novembre 2025 de 9h \u00e0 12h30<\/li>\n<\/ul>\n\n\n\n<p><strong>Prix<\/strong> : 99\u20ac<\/p>\n\n\n\n<div class=\"wp-block-buttons is-content-justification-left is-layout-flex wp-container-core-buttons-is-layout-fdcfc74e wp-block-buttons-is-layout-flex\">\n<div class=\"wp-block-button ticss-95105cdd\"><a class=\"wp-block-button__link has-neve-link-color-background-color has-background has-text-align-center wp-element-button\" href=\"https:\/\/forms.gle\/n1sdaACQejgDaYRT9\"><strong>Inscription<\/strong><\/a><\/div>\n<\/div>\n\n\n\n<p><\/p>\n\n\n\n<p><\/p>\n\n\n\n<p><\/p>\n\n\n\n<p><\/p>\n\n\n\n<h2 class=\"wp-block-heading ticss-62921ec3 has-nv-dark-bg-color has-text-color\">Supervision de pratique professionnelle<\/h2>\n\n\n\n<p><\/p>\n\n\n\n<p class=\"has-text-align-left\">Ces sessions de supervision enti\u00e8rement personnalis\u00e9es sont cr\u00e9\u00e9es afin de r\u00e9pondre \u00e0 vos probl\u00e9matiques sur :<\/p>\n\n\n\n<ul class=\"wp-block-list\">\n<li>&#8211; Vos cas cliniques (blocages de r\u00e9\u00e9ducation, besoin de d\u00e9gager une trame de progression pour l&#8217;un de vos patients, aide \u00e0 la pose de diagnostic pour votre patient,&#8230;)<\/li>\n<\/ul>\n\n\n\n<p><\/p>\n\n\n\n<ul class=\"wp-block-list\">\n<li>&#8211; La d\u00e9finition d&#8217;une progression de r\u00e9\u00e9ducation dans un domaine\/sous-domaine pr\u00e9cis<\/li>\n<\/ul>\n\n\n\n<p><\/p>\n\n\n\n<ul class=\"wp-block-list\">\n<li>&#8211; La gestion du cabinet lib\u00e9ral de mani\u00e8re g\u00e9n\u00e9rale<\/li>\n<\/ul>\n\n\n\n<p><\/p>\n\n\n\n<ul class=\"wp-block-list\">\n<li>&#8211; Autre (en fonction de vos besoins !)<\/li>\n<\/ul>\n\n\n\n<p><\/p>\n\n\n\n<p class=\"has-text-align-left\">Avant chaque session de supervision (1h), je vous demande de m&#8217;envoyer un mail avec les diff\u00e9rents points (2 ou 3) que vous souhaitez aborder. Je pr\u00e9pare ensuite un support qui nous servira de base en fonction de vos besoins et que l&#8217;on compl\u00e8tera ensemble lors de la session de supervision (en visio).<\/p>\n\n\n\n<p><\/p>\n\n\n\n<p><strong>Prix pour 1h de supervision :<\/strong> 80\u20ac<\/p>\n\n\n\n<p><strong>Prix pour 3h de supervision :<\/strong> 210\u20ac<\/p>\n\n\n\n<p class=\"has-neve-link-color-color has-text-color\"><\/p>\n\n\n\n<div class=\"wp-block-buttons is-layout-flex wp-block-buttons-is-layout-flex\">\n<div class=\"wp-block-button has-custom-width wp-block-button__width-75 is-style-primary ticss-5b6f1465\"><a class=\"wp-block-button__link has-nv-dark-bg-background-color has-background wp-element-button\" href=\"https:\/\/forms.gle\/n1sdaACQejgDaYRT9\" target=\"_blank\" rel=\"noreferrer noopener\">Inscription<\/a><\/div>\n<\/div>\n<\/div>\n<\/div><\/div>\n\n\n\n<p class=\"has-text-align-center has-nv-site-bg-color has-neve-link-color-background-color has-text-color has-background has-large-font-size\"><strong>Avis <\/strong><\/p>\n\n\n\n<div class=\"wp-block-columns is-layout-flex wp-container-core-columns-is-layout-9d6595d7 wp-block-columns-is-layout-flex\">\n<div class=\"wp-block-column is-layout-flow wp-block-column-is-layout-flow\" style=\"flex-basis:100%\">\n<div class=\"wp-block-columns is-layout-flex wp-container-core-columns-is-layout-9d6595d7 wp-block-columns-is-layout-flex\">\n<div class=\"wp-block-column is-layout-flow wp-block-column-is-layout-flow\" style=\"flex-basis:100%\">\n<p class=\"has-text-align-center has-neve-text-color-color has-nv-site-bg-background-color has-text-color has-background\">&#8220;Analyser ces cas ensemble \u00e9tait super enrichissant, la fa\u00e7on dont ils sont pr\u00e9sent\u00e9s avec les \u00e9l\u00e9ments essentiels \u00e0 rep\u00e9rer et les bonnes questions \u00e0 se poser (et que faire en fonction) est super pertinente ! \u00c7a m\u2019a vraiment permis de me familiariser davantage avec Evaleo et de me sentir plus \u00e0 l\u2019aise avec le diagnostic m\u00eame pour des cas complexes ! C\u2019\u00e9tait super agr\u00e9able d\u2019\u00e9changer autour des cas avec le partage des exp\u00e9riences de chacune.&#8221;<\/p>\n\n\n\n<p class=\"has-text-align-center\">&#8220;La formation de Cl\u00e9mence est g\u00e9niale, bien construite, \u00e0 port\u00e9e de mains. Elle permet d&#8217;\u00eatre plus \u00e0 l&#8217;aide avec la pose de diagnostic. L&#8217;orthophonie et ses analyses paraissent si simple quand Cl\u00e9mence nous pr\u00e9sente les cas cliniques ! Je recommande +++ et esp\u00e8re qu&#8217;elle fera d&#8217;autres formations pour le TDL et d&#8217;autres domaines !&#8221;<\/p>\n\n\n\n<p class=\"has-text-align-center\">&#8220;Formation tr\u00e8s int\u00e9ressante avec des \u00e9tudes de cas pertinentes. Cl\u00e9mence donne de bons conseils sur l&#8217;utilisation d&#8217;Eval\u00e9o et pour la pose de diagnostic qui vont me servir dans ma pratique quotidienne. J&#8217;esp\u00e8re que le m\u00eame format sortira par la suite pour des cas cliniques en langage oral :)&#8221;<\/p>\n\n\n\n<p class=\"has-text-align-center\">&#8220;Merci beaucoup, Cl\u00e9mence, pour la qualit\u00e9 de cette formation ! Elle m&#8217;a ouvert les yeux sur de nombreux points : l&#8217;\u00e9conomie des \u00e9preuves, l&#8217;interpr\u00e9tation des r\u00e9sultats, l&#8217;attention port\u00e9e aux indices. Cette formation est concr\u00e8te, pratique et innovante. En bref, c&#8217;\u00e9tait exactement ce que je cherchais ! Merci aussi pour le mat\u00e9riel que tu nous laisses apr\u00e8s le cours, on ne part pas les mains vides ! J&#8217;attends avec impatience la prochaine formation d&#8217;analyse.&#8221;<\/p>\n\n\n\n<p class=\"has-text-align-center\">&#8220;Super formation, pratico pratique qui permet de de questionner et de mieux comprendre les diff\u00e9rentes \u00e9preuves \u00e0 proposer en fonction des r\u00e9sultats obtenus au bilan. Gain de temps, efficacit\u00e9, meilleure analyse ! Je recommande fortement !&#8221;<\/p>\n\n\n\n<p class=\"has-text-align-center\">&#8220;La pr\u00e9sentation \u00e0 la suite des diff\u00e9rents cas cliniques permet de bien ancrer les informations voire m\u00eame de commencer \u00e0 acqu\u00e9rir certains automatismes lors de l&#8217;analyse des r\u00e9sultats et pour le choix d&#8217;\u00e9preuves compl\u00e9mentaires \u00e0 r\u00e9aliser. C&#8217;est un point tr\u00e8s positif. La pr\u00e9sentation est concr\u00e8te et les informations fournies peuvent \u00eatre appliqu\u00e9es d\u00e8s la fin de la formation.&#8221;<\/p>\n\n\n\n<p class=\"has-text-align-center\">&#8220;Merci beaucoup Cl\u00e9mence pour ta formation. Elle aide \u00e0 y voir clair concernant les diagnostics complexes. Les cas cliniques pr\u00e9sent\u00e9s sont tr\u00e8s int\u00e9ressants.&#8221;<\/p>\n\n\n\n<p class=\"has-text-align-center\">&#8220;Une formation tr\u00e8s concr\u00e8te qui nous fait entrer tout de suite dans le vif du sujet gr\u00e2ce \u00e0 diff\u00e9rentes \u00e9tudes de cas. Les pr\u00e9cieuses informations glan\u00e9es au cours des 3h de formation sont applicables tout de suite !&#8221;<\/p>\n\n\n\n<p class=\"has-text-align-center\">&#8220;Formation int\u00e9ressante qui permet de mieux cibler les \u00e9preuves d\u2019Evaleo pour s\u2019assurer d\u2019un diagnostic fiable. Merci !&#8221;<\/p>\n\n\n\n<p class=\"has-text-align-center\">&#8220;Formation super enrichissante ! Je me sens beaucoup mieux arm\u00e9e pour rep\u00e9rer un TSLE et proposer les \u00e9preuves les plus ad\u00e9quates possible en fonction du profil du patient. Je recommande !&#8221;<\/p>\n<\/div>\n<\/div>\n<\/div>\n<\/div>\n\n\n\n<div id=\"contact\" class=\"wp-block-themeisle-blocks-advanced-columns alignfull has-3-columns has-desktop-equal-layout has-tablet-equal-layout has-mobile-collapsedRows-layout has-vertical-unset ticss-1fab16cf\"><div class=\"wp-block-themeisle-blocks-advanced-columns-overlay\"><\/div><div class=\"innerblocks-wrap\">\n<div id=\"wp-block-themeisle-blocks-advanced-column-da7baa5a\" class=\"wp-block-themeisle-blocks-advanced-column\">\n<div id=\"wp-block-themeisle-blocks-font-awesome-icons-b15e76bb\" class=\"wp-block-themeisle-blocks-font-awesome-icons\"><span class=\"wp-block-themeisle-blocks-font-awesome-icons-container\"><a href=\"https:\/\/www.instagram.com\/clem.ortho\/?hl=fr\" target=\"_blank\" rel=\"noopener noreferrer\"><i class=\"fab fa-instagram\"><\/i><\/a><\/span><\/div>\n<\/div>\n\n\n\n<div id=\"wp-block-themeisle-blocks-advanced-column-08c2331d\" class=\"wp-block-themeisle-blocks-advanced-column\">\n<div id=\"wp-block-themeisle-blocks-font-awesome-icons-0b5f4117\" class=\"wp-block-themeisle-blocks-font-awesome-icons\"><span class=\"wp-block-themeisle-blocks-font-awesome-icons-container\"><a href=\"https:\/\/www.facebook.com\/clem.orthoo\" target=\"_blank\" rel=\"noopener noreferrer\"><i class=\"fab fa-facebook-f\"><\/i><\/a><\/span><\/div>\n<\/div>\n\n\n\n<div id=\"wp-block-themeisle-blocks-advanced-column-33224de4\" class=\"wp-block-themeisle-blocks-advanced-column\">\n<div id=\"wp-block-themeisle-blocks-font-awesome-icons-f4267153\" class=\"wp-block-themeisle-blocks-font-awesome-icons\"><span class=\"wp-block-themeisle-blocks-font-awesome-icons-container\"><a href=\"mailto:clemence.barriere@gmail.com\" target=\"_blank\" rel=\"noopener noreferrer\"><i class=\"fas fa-at\"><\/i><\/a><\/span><\/div>\n<\/div>\n<\/div><\/div>\n","protected":false},"excerpt":{"rendered":"<p>Avis &#8220;Analyser ces cas ensemble \u00e9tait super enrichissant, la fa\u00e7on dont ils sont pr\u00e9sent\u00e9s avec les \u00e9l\u00e9ments essentiels \u00e0 rep\u00e9rer et les bonnes questions \u00e0 se poser (et que faire en fonction) est super pertinente ! \u00c7a m\u2019a vraiment permis de me familiariser davantage avec Evaleo et de me sentir plus \u00e0 l\u2019aise avec le&hellip;&nbsp;<a href=\"https:\/\/orthoclem.fr\/\" class=\"\" rel=\"bookmark\">Read More &raquo;<span class=\"screen-reader-text\">Clem.ortho<\/span><\/a><\/p>\n","protected":false},"author":1,"featured_media":0,"parent":0,"menu_order":0,"comment_status":"closed","ping_status":"closed","template":"page-templates\/template-pagebuilder-full-width.php","meta":{"neve_meta_sidebar":"full-width","neve_meta_container":"","neve_meta_enable_content_width":"on","neve_meta_content_width":100,"neve_meta_title_alignment":"","neve_meta_author_avatar":"","neve_post_elements_order":"","neve_meta_disable_header":"","neve_meta_disable_footer":"","neve_meta_disable_title":"on","_themeisle_gutenberg_block_has_review":false,"_ti_tpc_template_sync":false,"_ti_tpc_template_id":"qkaru9pvduiwmsp9lfih","footnotes":""},"class_list":["post-94","page","type-page","status-publish","hentry"],"_links":{"self":[{"href":"https:\/\/orthoclem.fr\/index.php\/wp-json\/wp\/v2\/pages\/94","targetHints":{"allow":["GET"]}}],"collection":[{"href":"https:\/\/orthoclem.fr\/index.php\/wp-json\/wp\/v2\/pages"}],"about":[{"href":"https:\/\/orthoclem.fr\/index.php\/wp-json\/wp\/v2\/types\/page"}],"author":[{"embeddable":true,"href":"https:\/\/orthoclem.fr\/index.php\/wp-json\/wp\/v2\/users\/1"}],"replies":[{"embeddable":true,"href":"https:\/\/orthoclem.fr\/index.php\/wp-json\/wp\/v2\/comments?post=94"}],"version-history":[{"count":60,"href":"https:\/\/orthoclem.fr\/index.php\/wp-json\/wp\/v2\/pages\/94\/revisions"}],"predecessor-version":[{"id":330,"href":"https:\/\/orthoclem.fr\/index.php\/wp-json\/wp\/v2\/pages\/94\/revisions\/330"}],"wp:attachment":[{"href":"https:\/\/orthoclem.fr\/index.php\/wp-json\/wp\/v2\/media?parent=94"}],"curies":[{"name":"wp","href":"https:\/\/api.w.org\/{rel}","templated":true}]}}